{"id":3098,"date":"2023-09-01T16:27:46","date_gmt":"2023-09-01T16:27:46","guid":{"rendered":"https:\/\/noveltymotors.com\/?post_type=product&#038;p=3098"},"modified":"2026-01-22T17:52:17","modified_gmt":"2026-01-22T17:52:17","slug":"audi-rs-e-tron-gt-2022","status":"publish","type":"product","link":"https:\/\/noveltymotors.com\/?product=audi-rs-e-tron-gt-2022","title":{"rendered":"Audi RS E-Tron GT 2022"},"content":{"rendered":"<p>Origen: Agencia<br \/>\nBater\u00eda: 93 kWh<br \/>\nRecorrido: 7,000 Km.<br \/>\nTransmisi\u00f3n: El\u00e9ctrica 2 Vel.<br \/>\nPotencia: 646 HP \/ 475 kW<br \/>\nTracci\u00f3n: Quattro<br \/>\nVelocidad m\u00e1xima: 250 Km\/h<br \/>\nAceleraci\u00f3n: 0-100 Km\/h en 3.3 segundos<\/p>\n<p>*R\u00e9cord de servicios en la agencia<br \/>\n*Dos llaves<br \/>\n*Incluye cable de carga<\/p>\n<p>Equipamiento:<br \/>\n&#8211; Bolsas de aire<br \/>\n&#8211; Aire acondicionado climatizado<br \/>\n&#8211; Calefacci\u00f3n en asientos delanteros<br \/>\n&#8211; Tim\u00f3n multifunciones<br \/>\n&#8211; Mandos al volante<br \/>\n&#8211; Techo panor\u00e1mico el\u00e9ctrico<br \/>\n&#8211; Equipo de sonido de f\u00e1brica<br \/>\n&#8211; Asientos el\u00e9ctricos<br \/>\n&#8211; Ventanas el\u00e9ctricas<br \/>\n&#8211; Retrovisores el\u00e9ctricos<br \/>\n&#8211; Cerradura central a distancia<br \/>\n&#8211; Alarma de f\u00e1brica<br \/>\n&#8211; Keyless<br \/>\n&#8211; Sensores de lluvia<br \/>\n&#8211; Sensores de luces<br \/>\n&#8211; Sensores de parqueo<br \/>\n&#8211; Asistente de mantenimiento de carril<br \/>\n&#8211; Asistente en caso de cambio de carril<br \/>\n&#8211; Iluminaci\u00f3n interior de ambiente LED<br \/>\n&#8211; Audi drive select<br \/>\n&#8211; Audi park assist<br \/>\n&#8211; C\u00e1mara de retroceso<br \/>\n&#8211; C\u00e1mara 360<br \/>\n&#8211; Luces LED<br \/>\n&#8211; Aros de aleaci\u00f3n<br \/>\n&#8211; Frenos ABS<\/p>\n","protected":false},"excerpt":{"rendered":"<p>Origen: Agencia Bater\u00eda: 93 kWh Recorrido: 7,000 Km. Transmisi\u00f3n: El\u00e9ctrica 2 Vel. Potencia: 646 HP \/ 475 kW Tracci\u00f3n: Quattro Velocidad m\u00e1xima: 250 Km\/h Aceleraci\u00f3n: 0-100 Km\/h en 3.3 segundos *R\u00e9cord de servicios en la agencia *Dos llaves *Incluye cable de carga Equipamiento: &#8211; Bolsas de aire &#8211; Aire acondicionado climatizado &#8211; Calefacci\u00f3n en asientos [&hellip;]<\/p>\n","protected":false},"featured_media":3099,"template":"","meta":{"site-sidebar-layout":"default","site-content-layout":"default","ast-site-content-layout":"","site-content-style":"default","site-sidebar-style":"default","ast-global-header-display":"","ast-banner-title-visibility":"","ast-main-header-display":"","ast-hfb-above-header-display":"","ast-hfb-below-header-display":"","ast-hfb-mobile-header-display":"","site-post-title":"","ast-breadcrumbs-content":"","ast-featured-img":"","footer-sml-layout":"","theme-transparent-header-meta":"default","adv-header-id-meta":"","stick-header-meta":"","header-above-stick-meta":"","header-main-stick-meta":"","header-below-stick-meta":"","astra-migrate-meta-layouts":"default","ast-page-background-enabled":"default","ast-page-background-meta":{"desktop":{"background-color":"var(--ast-global-color-4)","background-image":"","background-repeat":"repeat","background-position":"center center","background-size":"auto","background-attachment":"scroll","background-type":"","background-media":"","overlay-type":"","overlay-color":"","overlay-opacity":"","overlay-gradient":""},"tablet":{"background-color":"","background-image":"","background-repeat":"repeat","background-position":"center center","background-size":"auto","background-attachment":"scroll","background-type":"","background-media":"","overlay-type":"","overlay-color":"","overlay-opacity":"","overlay-gradient":""},"mobile":{"background-color":"","background-image":"","background-repeat":"repeat","background-position":"center center","background-size":"auto","background-attachment":"scroll","background-type":"","background-media":"","overlay-type":"","overlay-color":"","overlay-opacity":"","overlay-gradient":""}},"ast-content-background-meta":{"desktop":{"background-color":"var(--ast-global-color-5)","background-image":"","background-repeat":"repeat","background-position":"center center","background-size":"auto","background-attachment":"scroll","background-type":"","background-media":"","overlay-type":"","overlay-color":"","overlay-opacity":"","overlay-gradient":""},"tablet":{"background-color":"var(--ast-global-color-5)","background-image":"","background-repeat":"repeat","background-position":"center center","background-size":"auto","background-attachment":"scroll","background-type":"","background-media":"","overlay-type":"","overlay-color":"","overlay-opacity":"","overlay-gradient":""},"mobile":{"background-color":"var(--ast-global-color-5)","background-image":"","background-repeat":"repeat","background-position":"center center","background-size":"auto","background-attachment":"scroll","background-type":"","background-media":"","overlay-type":"","overlay-color":"","overlay-opacity":"","overlay-gradient":""}}},"product_brand":[],"product_cat":[24],"product_tag":[],"class_list":{"0":"post-3098","1":"product","2":"type-product","3":"status-publish","4":"has-post-thumbnail","6":"product_cat-coupe","7":"desktop-align-left","8":"tablet-align-left","9":"mobile-align-left","11":"first","12":"instock","13":"shipping-taxable","14":"purchasable","15":"product-type-simple"},"jetpack_sharing_enabled":true,"_links":{"self":[{"href":"https:\/\/noveltymotors.com\/index.php?rest_route=\/wp\/v2\/product\/3098","targetHints":{"allow":["GET"]}}],"collection":[{"href":"https:\/\/noveltymotors.com\/index.php?rest_route=\/wp\/v2\/product"}],"about":[{"href":"https:\/\/noveltymotors.com\/index.php?rest_route=\/wp\/v2\/types\/product"}],"wp:featuredmedia":[{"embeddable":true,"href":"https:\/\/noveltymotors.com\/index.php?rest_route=\/wp\/v2\/media\/3099"}],"wp:attachment":[{"href":"https:\/\/noveltymotors.com\/index.php?rest_route=%2Fwp%2Fv2%2Fmedia&parent=3098"}],"wp:term":[{"taxonomy":"product_brand","embeddable":true,"href":"https:\/\/noveltymotors.com\/index.php?rest_route=%2Fwp%2Fv2%2Fproduct_brand&post=3098"},{"taxonomy":"product_cat","embeddable":true,"href":"https:\/\/noveltymotors.com\/index.php?rest_route=%2Fwp%2Fv2%2Fproduct_cat&post=3098"},{"taxonomy":"product_tag","embeddable":true,"href":"https:\/\/noveltymotors.com\/index.php?rest_route=%2Fwp%2Fv2%2Fproduct_tag&post=3098"}],"curies":[{"name":"wp","href":"https:\/\/api.w.org\/{rel}","templated":true}]}}