{"id":7228,"date":"2025-05-12T17:37:23","date_gmt":"2025-05-12T17:37:23","guid":{"rendered":"https:\/\/noveltymotors.com\/?post_type=product&#038;p=7228"},"modified":"2026-01-22T17:50:23","modified_gmt":"2026-01-22T17:50:23","slug":"maserati-grecale-gt-hybrid-2023","status":"publish","type":"product","link":"https:\/\/noveltymotors.com\/?product=maserati-grecale-gt-hybrid-2023","title":{"rendered":"Maserati Grecale GT Hybrid 2023"},"content":{"rendered":"<p>Origen: Agencia<br \/>\nMotor: 2.0 MHEV<br \/>\nCilindros: 4<br \/>\nRecorrido: 1,396 Km.<br \/>\nTransmisi\u00f3n: Autom\u00e1tica<br \/>\nCombustible: Gasolina<br \/>\nPotencia: 300 HP<br \/>\nTracci\u00f3n: AWD<\/p>\n<p>*R\u00e9cord de servicios en la agencia<br \/>\n*Tres llaves<\/p>\n<p>Equipamiento:<br \/>\n&#8211; Bolsas de aire<br \/>\n&#8211; Aire acondicionado climatizado<br \/>\n&#8211; Tim\u00f3n multifunciones<br \/>\n&#8211; Mandos al volante<br \/>\n&#8211; Equipo de sonido de f\u00e1brica Sonus Faber<br \/>\n&#8211; Apple CarPlay\/Android Auto<br \/>\n&#8211; Asientos el\u00e9ctricos<br \/>\n&#8211; Ventanas el\u00e9ctricas<br \/>\n&#8211; Retrovisores el\u00e9ctricos<br \/>\n&#8211; Alarma de f\u00e1brica<br \/>\n&#8211; Keyless<br \/>\n&#8211; Rieles porta equipaje<br \/>\n&#8211; Sensores de luces<br \/>\n&#8211; Sensores de parqueo<br \/>\n&#8211; C\u00e1mara de retroceso<br \/>\n&#8211; Paquete de asistencia al conductor<br \/>\n&#8211; Drive Mode: Comfort\/GT\/Sport<br \/>\n&#8211; Luces LED<br \/>\n&#8211; Aros de aleaci\u00f3n<br \/>\n&#8211; Rin 20<br \/>\n&#8211; Frenos ABS<\/p>\n","protected":false},"excerpt":{"rendered":"<p>Origen: Agencia Motor: 2.0 MHEV Cilindros: 4 Recorrido: 1,396 Km. Transmisi\u00f3n: Autom\u00e1tica Combustible: Gasolina Potencia: 300 HP Tracci\u00f3n: AWD *R\u00e9cord de servicios en la agencia *Tres llaves Equipamiento: &#8211; Bolsas de aire &#8211; Aire acondicionado climatizado &#8211; Tim\u00f3n multifunciones &#8211; Mandos al volante &#8211; Equipo de sonido de f\u00e1brica Sonus Faber &#8211; Apple CarPlay\/Android Auto [&hellip;]<\/p>\n","protected":false},"featured_media":7229,"template":"","meta":{"site-sidebar-layout":"default","site-content-layout":"default","ast-site-content-layout":"","site-content-style":"default","site-sidebar-style":"default","ast-global-header-display":"","ast-banner-title-visibility":"","ast-main-header-display":"","ast-hfb-above-header-display":"","ast-hfb-below-header-display":"","ast-hfb-mobile-header-display":"","site-post-title":"","ast-breadcrumbs-content":"","ast-featured-img":"","footer-sml-layout":"","theme-transparent-header-meta":"default","adv-header-id-meta":"","stick-header-meta":"","header-above-stick-meta":"","header-main-stick-meta":"","header-below-stick-meta":"","astra-migrate-meta-layouts":"default","ast-page-background-enabled":"default","ast-page-background-meta":{"desktop":{"background-color":"var(--ast-global-color-4)","background-image":"","background-repeat":"repeat","background-position":"center center","background-size":"auto","background-attachment":"scroll","background-type":"","background-media":"","overlay-type":"","overlay-color":"","overlay-opacity":"","overlay-gradient":""},"tablet":{"background-color":"","background-image":"","background-repeat":"repeat","background-position":"center center","background-size":"auto","background-attachment":"scroll","background-type":"","background-media":"","overlay-type":"","overlay-color":"","overlay-opacity":"","overlay-gradient":""},"mobile":{"background-color":"","background-image":"","background-repeat":"repeat","background-position":"center center","background-size":"auto","background-attachment":"scroll","background-type":"","background-media":"","overlay-type":"","overlay-color":"","overlay-opacity":"","overlay-gradient":""}},"ast-content-background-meta":{"desktop":{"background-color":"var(--ast-global-color-5)","background-image":"","background-repeat":"repeat","background-position":"center center","background-size":"auto","background-attachment":"scroll","background-type":"","background-media":"","overlay-type":"","overlay-color":"","overlay-opacity":"","overlay-gradient":""},"tablet":{"background-color":"var(--ast-global-color-5)","background-image":"","background-repeat":"repeat","background-position":"center center","background-size":"auto","background-attachment":"scroll","background-type":"","background-media":"","overlay-type":"","overlay-color":"","overlay-opacity":"","overlay-gradient":""},"mobile":{"background-color":"var(--ast-global-color-5)","background-image":"","background-repeat":"repeat","background-position":"center center","background-size":"auto","background-attachment":"scroll","background-type":"","background-media":"","overlay-type":"","overlay-color":"","overlay-opacity":"","overlay-gradient":""}}},"product_brand":[],"product_cat":[31,23],"product_tag":[],"class_list":{"0":"post-7228","1":"product","2":"type-product","3":"status-publish","4":"has-post-thumbnail","6":"product_cat-4x4","7":"product_cat-suv","8":"desktop-align-left","9":"tablet-align-left","10":"mobile-align-left","12":"first","13":"instock","14":"sale","15":"shipping-taxable","16":"purchasable","17":"product-type-simple"},"jetpack_sharing_enabled":true,"_links":{"self":[{"href":"https:\/\/noveltymotors.com\/index.php?rest_route=\/wp\/v2\/product\/7228","targetHints":{"allow":["GET"]}}],"collection":[{"href":"https:\/\/noveltymotors.com\/index.php?rest_route=\/wp\/v2\/product"}],"about":[{"href":"https:\/\/noveltymotors.com\/index.php?rest_route=\/wp\/v2\/types\/product"}],"wp:featuredmedia":[{"embeddable":true,"href":"https:\/\/noveltymotors.com\/index.php?rest_route=\/wp\/v2\/media\/7229"}],"wp:attachment":[{"href":"https:\/\/noveltymotors.com\/index.php?rest_route=%2Fwp%2Fv2%2Fmedia&parent=7228"}],"wp:term":[{"taxonomy":"product_brand","embeddable":true,"href":"https:\/\/noveltymotors.com\/index.php?rest_route=%2Fwp%2Fv2%2Fproduct_brand&post=7228"},{"taxonomy":"product_cat","embeddable":true,"href":"https:\/\/noveltymotors.com\/index.php?rest_route=%2Fwp%2Fv2%2Fproduct_cat&post=7228"},{"taxonomy":"product_tag","embeddable":true,"href":"https:\/\/noveltymotors.com\/index.php?rest_route=%2Fwp%2Fv2%2Fproduct_tag&post=7228"}],"curies":[{"name":"wp","href":"https:\/\/api.w.org\/{rel}","templated":true}]}}