{"id":7272,"date":"2025-05-12T17:56:41","date_gmt":"2025-05-12T17:56:41","guid":{"rendered":"https:\/\/noveltymotors.com\/?post_type=product&#038;p=7272"},"modified":"2025-05-12T17:56:41","modified_gmt":"2025-05-12T17:56:41","slug":"changan-cs55-2020","status":"publish","type":"product","link":"https:\/\/noveltymotors.com\/?product=changan-cs55-2020","title":{"rendered":"Changan CS55 2020"},"content":{"rendered":"<p>Origen: Agencia<br \/>\nMotor: 1.5<br \/>\nCilindros: 4<br \/>\nRecorrido: 75,406 Km.<br \/>\nTransmisi\u00f3n: Autom\u00e1tica<br \/>\nCombustible: Gasolina<br \/>\nTracci\u00f3n: 4&#215;2<br \/>\nPotencia: 156 HP<\/p>\n<p>*R\u00e9cord de servicios en la agencia<br \/>\n*Dos llaves<\/p>\n<p>Equipamiento:<br \/>\n&#8211; Bolsas de aire<br \/>\n&#8211; Aire acondicionado climatizado<br \/>\n&#8211; Tim\u00f3n multifunciones<br \/>\n&#8211; Sunroof<br \/>\n&#8211; Equipo de sonido de f\u00e1brica<br \/>\n&#8211; Ventanas el\u00e9ctricas<br \/>\n&#8211; Retrovisores el\u00e9ctricos<br \/>\n&#8211; Alarma de f\u00e1brica<br \/>\n&#8211; Keyless<br \/>\n&#8211; Rieles porta equipaje<br \/>\n&#8211; Neblineras<br \/>\n&#8211; Sensores de luces<br \/>\n&#8211; C\u00e1mara de retroceso<br \/>\n&#8211; Aros de aleaci\u00f3n<br \/>\n&#8211; Rin 18<br \/>\n&#8211; Frenos ABS<\/p>\n","protected":false},"excerpt":{"rendered":"<p>Origen: Agencia Motor: 1.5 Cilindros: 4 Recorrido: 75,406 Km. Transmisi\u00f3n: Autom\u00e1tica Combustible: Gasolina Tracci\u00f3n: 4&#215;2 Potencia: 156 HP *R\u00e9cord de servicios en la agencia *Dos llaves Equipamiento: &#8211; Bolsas de aire &#8211; Aire acondicionado climatizado &#8211; Tim\u00f3n multifunciones &#8211; Sunroof &#8211; Equipo de sonido de f\u00e1brica &#8211; Ventanas el\u00e9ctricas &#8211; Retrovisores el\u00e9ctricos &#8211; Alarma de [&hellip;]<\/p>\n","protected":false},"featured_media":7273,"template":"","meta":{"site-sidebar-layout":"default","site-content-layout":"default","ast-site-content-layout":"","site-content-style":"default","site-sidebar-style":"default","ast-global-header-display":"","ast-banner-title-visibility":"","ast-main-header-display":"","ast-hfb-above-header-display":"","ast-hfb-below-header-display":"","ast-hfb-mobile-header-display":"","site-post-title":"","ast-breadcrumbs-content":"","ast-featured-img":"","footer-sml-layout":"","theme-transparent-header-meta":"default","adv-header-id-meta":"","stick-header-meta":"","header-above-stick-meta":"","header-main-stick-meta":"","header-below-stick-meta":"","astra-migrate-meta-layouts":"default","ast-page-background-enabled":"default","ast-page-background-meta":{"desktop":{"background-color":"var(--ast-global-color-4)","background-image":"","background-repeat":"repeat","background-position":"center center","background-size":"auto","background-attachment":"scroll","background-type":"","background-media":"","overlay-type":"","overlay-color":"","overlay-opacity":"","overlay-gradient":""},"tablet":{"background-color":"","background-image":"","background-repeat":"repeat","background-position":"center center","background-size":"auto","background-attachment":"scroll","background-type":"","background-media":"","overlay-type":"","overlay-color":"","overlay-opacity":"","overlay-gradient":""},"mobile":{"background-color":"","background-image":"","background-repeat":"repeat","background-position":"center center","background-size":"auto","background-attachment":"scroll","background-type":"","background-media":"","overlay-type":"","overlay-color":"","overlay-opacity":"","overlay-gradient":""}},"ast-content-background-meta":{"desktop":{"background-color":"var(--ast-global-color-5)","background-image":"","background-repeat":"repeat","background-position":"center center","background-size":"auto","background-attachment":"scroll","background-type":"","background-media":"","overlay-type":"","overlay-color":"","overlay-opacity":"","overlay-gradient":""},"tablet":{"background-color":"var(--ast-global-color-5)","background-image":"","background-repeat":"repeat","background-position":"center center","background-size":"auto","background-attachment":"scroll","background-type":"","background-media":"","overlay-type":"","overlay-color":"","overlay-opacity":"","overlay-gradient":""},"mobile":{"background-color":"var(--ast-global-color-5)","background-image":"","background-repeat":"repeat","background-position":"center center","background-size":"auto","background-attachment":"scroll","background-type":"","background-media":"","overlay-type":"","overlay-color":"","overlay-opacity":"","overlay-gradient":""}}},"product_brand":[],"product_cat":[30,23],"product_tag":[],"class_list":{"0":"post-7272","1":"product","2":"type-product","3":"status-publish","4":"has-post-thumbnail","6":"product_cat-4x2","7":"product_cat-suv","8":"desktop-align-left","9":"tablet-align-left","10":"mobile-align-left","12":"first","13":"instock","14":"shipping-taxable","15":"purchasable","16":"product-type-simple"},"jetpack_sharing_enabled":true,"_links":{"self":[{"href":"https:\/\/noveltymotors.com\/index.php?rest_route=\/wp\/v2\/product\/7272","targetHints":{"allow":["GET"]}}],"collection":[{"href":"https:\/\/noveltymotors.com\/index.php?rest_route=\/wp\/v2\/product"}],"about":[{"href":"https:\/\/noveltymotors.com\/index.php?rest_route=\/wp\/v2\/types\/product"}],"wp:featuredmedia":[{"embeddable":true,"href":"https:\/\/noveltymotors.com\/index.php?rest_route=\/wp\/v2\/media\/7273"}],"wp:attachment":[{"href":"https:\/\/noveltymotors.com\/index.php?rest_route=%2Fwp%2Fv2%2Fmedia&parent=7272"}],"wp:term":[{"taxonomy":"product_brand","embeddable":true,"href":"https:\/\/noveltymotors.com\/index.php?rest_route=%2Fwp%2Fv2%2Fproduct_brand&post=7272"},{"taxonomy":"product_cat","embeddable":true,"href":"https:\/\/noveltymotors.com\/index.php?rest_route=%2Fwp%2Fv2%2Fproduct_cat&post=7272"},{"taxonomy":"product_tag","embeddable":true,"href":"https:\/\/noveltymotors.com\/index.php?rest_route=%2Fwp%2Fv2%2Fproduct_tag&post=7272"}],"curies":[{"name":"wp","href":"https:\/\/api.w.org\/{rel}","templated":true}]}}