{"id":7338,"date":"2025-05-12T18:18:13","date_gmt":"2025-05-12T18:18:13","guid":{"rendered":"https:\/\/noveltymotors.com\/?post_type=product&#038;p=7338"},"modified":"2025-05-12T18:18:13","modified_gmt":"2025-05-12T18:18:13","slug":"bmw-x5-m50i-x-drive-2022","status":"publish","type":"product","link":"https:\/\/noveltymotors.com\/?product=bmw-x5-m50i-x-drive-2022","title":{"rendered":"BMW X5 M50i X-Drive 2022"},"content":{"rendered":"<p>Origen: Agencia<br \/>\nMotor: 4.4<br \/>\nCilindros: 8<br \/>\nRecorrido: 46,350 Km.<br \/>\nTransmisi\u00f3n: Autom\u00e1tica<br \/>\nCombustible: Gasolina<br \/>\nTracci\u00f3n: AWD<br \/>\nPotencia: 530 HP<\/p>\n<p>*R\u00e9cord de servicios en la agencia<br \/>\n*Dos llaves<\/p>\n<p>Equipamiento:<br \/>\n&#8211; Bolsas de aire<br \/>\n&#8211; Aire acondicionado climatizado<br \/>\n&#8211; Tim\u00f3n multifunciones<br \/>\n&#8211; Mandos al volante<br \/>\n&#8211; Techo panor\u00e1mico<br \/>\n&#8211; Equipo de sonido de f\u00e1brica Harman\/Kardon<br \/>\n&#8211; BMW Intelligent Personal Assistant<br \/>\n&#8211; Apple CarPlay\/Android Auto<br \/>\n&#8211; Ventanas el\u00e9ctricas<br \/>\n&#8211; Retrovisores el\u00e9ctricos<br \/>\n&#8211; Alarma de f\u00e1brica<br \/>\n&#8211; Keyless<br \/>\n&#8211; Rieles porta equipaje<br \/>\n&#8211; Sensores de lluvia<br \/>\n&#8211; Sensores de luces<br \/>\n&#8211; Sensores de parqueo<br \/>\n&#8211; C\u00e1mara delantera<br \/>\n&#8211; C\u00e1mara trasera<br \/>\n&#8211; Modos de manejo: EcoPro\/Comfort\/Sport\/Sport+<br \/>\n&#8211; Start\/Stop<br \/>\n&#8211; Park Assist<br \/>\n&#8211; BMW LED L\u00e1ser<br \/>\n&#8211; Sistema de escape M Sport<br \/>\n&#8211; Aros de aleaci\u00f3n<br \/>\n&#8211; Rin 21<br \/>\n&#8211; Frenos ABS<\/p>\n","protected":false},"excerpt":{"rendered":"<p>Origen: Agencia Motor: 4.4 Cilindros: 8 Recorrido: 46,350 Km. Transmisi\u00f3n: Autom\u00e1tica Combustible: Gasolina Tracci\u00f3n: AWD Potencia: 530 HP *R\u00e9cord de servicios en la agencia *Dos llaves Equipamiento: &#8211; Bolsas de aire &#8211; Aire acondicionado climatizado &#8211; Tim\u00f3n multifunciones &#8211; Mandos al volante &#8211; Techo panor\u00e1mico &#8211; Equipo de sonido de f\u00e1brica Harman\/Kardon &#8211; BMW Intelligent [&hellip;]<\/p>\n","protected":false},"featured_media":7339,"template":"","meta":{"site-sidebar-layout":"default","site-content-layout":"default","ast-site-content-layout":"","site-content-style":"default","site-sidebar-style":"default","ast-global-header-display":"","ast-banner-title-visibility":"","ast-main-header-display":"","ast-hfb-above-header-display":"","ast-hfb-below-header-display":"","ast-hfb-mobile-header-display":"","site-post-title":"","ast-breadcrumbs-content":"","ast-featured-img":"","footer-sml-layout":"","theme-transparent-header-meta":"default","adv-header-id-meta":"","stick-header-meta":"","header-above-stick-meta":"","header-main-stick-meta":"","header-below-stick-meta":"","astra-migrate-meta-layouts":"default","ast-page-background-enabled":"default","ast-page-background-meta":{"desktop":{"background-color":"var(--ast-global-color-4)","background-image":"","background-repeat":"repeat","background-position":"center center","background-size":"auto","background-attachment":"scroll","background-type":"","background-media":"","overlay-type":"","overlay-color":"","overlay-opacity":"","overlay-gradient":""},"tablet":{"background-color":"","background-image":"","background-repeat":"repeat","background-position":"center center","background-size":"auto","background-attachment":"scroll","background-type":"","background-media":"","overlay-type":"","overlay-color":"","overlay-opacity":"","overlay-gradient":""},"mobile":{"background-color":"","background-image":"","background-repeat":"repeat","background-position":"center center","background-size":"auto","background-attachment":"scroll","background-type":"","background-media":"","overlay-type":"","overlay-color":"","overlay-opacity":"","overlay-gradient":""}},"ast-content-background-meta":{"desktop":{"background-color":"var(--ast-global-color-5)","background-image":"","background-repeat":"repeat","background-position":"center center","background-size":"auto","background-attachment":"scroll","background-type":"","background-media":"","overlay-type":"","overlay-color":"","overlay-opacity":"","overlay-gradient":""},"tablet":{"background-color":"var(--ast-global-color-5)","background-image":"","background-repeat":"repeat","background-position":"center center","background-size":"auto","background-attachment":"scroll","background-type":"","background-media":"","overlay-type":"","overlay-color":"","overlay-opacity":"","overlay-gradient":""},"mobile":{"background-color":"var(--ast-global-color-5)","background-image":"","background-repeat":"repeat","background-position":"center center","background-size":"auto","background-attachment":"scroll","background-type":"","background-media":"","overlay-type":"","overlay-color":"","overlay-opacity":"","overlay-gradient":""}}},"product_brand":[],"product_cat":[31,23],"product_tag":[],"class_list":{"0":"post-7338","1":"product","2":"type-product","3":"status-publish","4":"has-post-thumbnail","6":"product_cat-4x4","7":"product_cat-suv","8":"desktop-align-left","9":"tablet-align-left","10":"mobile-align-left","12":"first","13":"instock","14":"sale","15":"shipping-taxable","16":"purchasable","17":"product-type-simple"},"jetpack_sharing_enabled":true,"_links":{"self":[{"href":"https:\/\/noveltymotors.com\/index.php?rest_route=\/wp\/v2\/product\/7338","targetHints":{"allow":["GET"]}}],"collection":[{"href":"https:\/\/noveltymotors.com\/index.php?rest_route=\/wp\/v2\/product"}],"about":[{"href":"https:\/\/noveltymotors.com\/index.php?rest_route=\/wp\/v2\/types\/product"}],"wp:featuredmedia":[{"embeddable":true,"href":"https:\/\/noveltymotors.com\/index.php?rest_route=\/wp\/v2\/media\/7339"}],"wp:attachment":[{"href":"https:\/\/noveltymotors.com\/index.php?rest_route=%2Fwp%2Fv2%2Fmedia&parent=7338"}],"wp:term":[{"taxonomy":"product_brand","embeddable":true,"href":"https:\/\/noveltymotors.com\/index.php?rest_route=%2Fwp%2Fv2%2Fproduct_brand&post=7338"},{"taxonomy":"product_cat","embeddable":true,"href":"https:\/\/noveltymotors.com\/index.php?rest_route=%2Fwp%2Fv2%2Fproduct_cat&post=7338"},{"taxonomy":"product_tag","embeddable":true,"href":"https:\/\/noveltymotors.com\/index.php?rest_route=%2Fwp%2Fv2%2Fproduct_tag&post=7338"}],"curies":[{"name":"wp","href":"https:\/\/api.w.org\/{rel}","templated":true}]}}